{"id":34,"date":"2013-07-22T06:39:48","date_gmt":"2013-07-22T06:39:48","guid":{"rendered":"http:\/\/localhost:3790\/?page_id=34"},"modified":"2013-07-22T06:39:48","modified_gmt":"2013-07-22T06:39:48","slug":"impressum","status":"publish","type":"page","link":"http:\/\/www.projekt-aquaponica.at\/?page_id=34","title":{"rendered":"Impressum"},"content":{"rendered":"<h1>impressum \/ offenlegung<\/h1>\n<h2>f\u00fcr inhhalt verantwortlich<\/h2>\n<p>Renata Ankerl-\u017baczek<br \/>\nA2345 Brunn am Gebirge<\/p>\n<p>renata ( et ) projekt (minus) aquaponica (punkt) at<br \/>\n<a href=\"http:\/\/webserver\/wordpress_aquaponica\">www.projekt-aquaponica.at<\/a><\/p>\n<h1>Haftungsausschluss \/ Disclaimer<\/h1>\n<p>Unsere seiten enthalten links auf externe webseiten dritter. Auf die inhalte dieser direkt oder indirekt verlinkten webseiten haben wir keinen einfluss. F\u00fcr die richtigkeit der inhalte ist immer der jeweilige anbieter oder eetreiber verantwortlich, weshalb wir diesbez\u00fcglich keinerlei gew\u00e4hr \u00fcbernehmen.<\/p>\n<h2>Urheberrecht<\/h2>\n<p>Die durch den betreiber dieser seite erstellten inhalte und werke auf diesen webseiten unterliegen dem \u00f6sterreichischen urheberrecht. S\u00e4mtliche beitr\u00e4ge dritter sind als solche gekennzeichnet. Die Vervielf\u00e4ltigung, Bearbeitung, Verbreitung und jede Art der Verwertung au\u00dferhalb der Grenzen des Urheberrechts bed\u00fcrfen der schriftlichen Zustimmung des jeweiligen Autors bzw. Erstellers. Kopien von diesen Seiten sind nur f\u00fcr den privaten Bereich gestattet, nicht jedoch f\u00fcr kommerzielle Zwecke.<\/p>\n<p>Datenschutz<\/p>\n<p>F\u00fcr die Sicherheit der Daten\u00fcbertragung im Internet k\u00f6nnen wir keine Gew\u00e4hr \u00fcbernehmen, insbesondere besteht bei der \u00dcbertragung von Daten per E-Mail die Gefahr des Zugriffs durch Dritte.<\/p>\n<p>Im Falle der Erhebung personenbezogener oder gesch\u00e4ftlicher Daten (E-Mail-Adressen, Namen, Anschriften) auf unseren Seiten erfolgt die Preisgabe dieser Daten seitens des Nutzers stets auf freiwilliger Basis. Die Inanspruchnahme und Bezahlung aller angebotenen Dienste ist auch ohne Angabe solcher Daten bzw. unter Angabe anonymisierter Daten oder eines Pseudonyms gestattet, soweit dies technisch m\u00f6glich und zumutbar ist.<\/p>\n<p>Einer Nutzung der im Impressum ver\u00f6ffentlichten Kontaktdaten durch Dritte zu Werbezwecken wird hiermit ausdr\u00fccklich widersprochen. Der Betreiber beh\u00e4lt sich f\u00fcr den Fall unverlangt zugesandter Werbe- oder Informationsmaterialien ausdr\u00fccklich rechtliche Schritte vor.<\/p>\n<p>Rechtswirksamkeit dieses Haftungsausschlusses<\/p>\n<p>Vorstehender Haftungsausschluss ist Teil des Internetangebots, von dem aus auf diese Seite verwiesen wurde. Sollten einzelne Regelungen oder Formulierungen dieses Haftungsausschlusses unwirksam sein oder werden, bleiben die \u00fcbrigen Regelungen in ihrem Inhalt und ihrer G\u00fcltigkeit hiervon unber\u00fchrt.<\/p>\n","protected":false},"excerpt":{"rendered":"<p>impressum \/ offenlegung f\u00fcr inhhalt verantwortlich Renata Ankerl-\u017baczek A2345 Brunn am Gebirge renata ( et ) projekt (minus) aquaponica (punkt) at www.projekt-aquaponica.at Haftungsausschluss \/ Disclaimer Unsere seiten enthalten links auf externe webseiten dritter. Auf die inhalte dieser direkt oder indirekt verlinkten webseiten haben wir keinen einfluss. F\u00fcr die richtigkeit der inhalte ist immer der jeweilige [&hellip;]<\/p>\n","protected":false},"author":2,"featured_media":0,"parent":0,"menu_order":0,"comment_status":"open","ping_status":"open","template":"","meta":{"spay_email":""},"jetpack_sharing_enabled":true,"jetpack_shortlink":"https:\/\/wp.me\/P4cuX7-y","_links":{"self":[{"href":"http:\/\/www.projekt-aquaponica.at\/index.php?rest_route=\/wp\/v2\/pages\/34"}],"collection":[{"href":"http:\/\/www.projekt-aquaponica.at\/index.php?rest_route=\/wp\/v2\/pages"}],"about":[{"href":"http:\/\/www.projekt-aquaponica.at\/index.php?rest_route=\/wp\/v2\/types\/page"}],"author":[{"embeddable":true,"href":"http:\/\/www.projekt-aquaponica.at\/index.php?rest_route=\/wp\/v2\/users\/2"}],"replies":[{"embeddable":true,"href":"http:\/\/www.projekt-aquaponica.at\/index.php?rest_route=%2Fwp%2Fv2%2Fcomments&post=34"}],"version-history":[{"count":0,"href":"http:\/\/www.projekt-aquaponica.at\/index.php?rest_route=\/wp\/v2\/pages\/34\/revisions"}],"wp:attachment":[{"href":"http:\/\/www.projekt-aquaponica.at\/index.php?rest_route=%2Fwp%2Fv2%2Fmedia&parent=34"}],"curies":[{"name":"wp","href":"https:\/\/api.w.org\/{rel}","templated":true}]}}