{"id":28,"date":"2013-07-22T06:40:33","date_gmt":"2013-07-22T06:40:33","guid":{"rendered":"http:\/\/localhost:3790\/?page_id=28"},"modified":"2014-10-17T10:22:10","modified_gmt":"2014-10-17T08:22:10","slug":"uber-mich-und-projekt-aquaponik","status":"publish","type":"page","link":"http:\/\/www.projekt-aquaponica.at\/?page_id=28","title":{"rendered":"\u00dcber mich und projekt aquaponik"},"content":{"rendered":"<p><a href=\"http:\/\/webserver\/wordpress_aquaponica\/wp-content\/uploads\/2013\/07\/BILD_1.jpg\"><img data-attachment-id=\"1558\" data-permalink=\"http:\/\/www.projekt-aquaponica.at\/?attachment_id=1558\" data-orig-file=\"http:\/\/www.projekt-aquaponica.at\/wp-content\/uploads\/2013\/07\/BILD_1.jpg\" data-orig-size=\"2736,1278\" data-comments-opened=\"1\" data-image-meta=\"{&quot;aperture&quot;:&quot;3.5&quot;,&quot;credit&quot;:&quot;Renata Ankerl-\\u017baczek&quot;,&quot;camera&quot;:&quot;EX1&quot;,&quot;caption&quot;:&quot;&quot;,&quot;created_timestamp&quot;:&quot;1262574938&quot;,&quot;copyright&quot;:&quot;Renata Ankerl-\\u017baczek&quot;,&quot;focal_length&quot;:&quot;15.6&quot;,&quot;iso&quot;:&quot;100&quot;,&quot;shutter_speed&quot;:&quot;0.0166666666667&quot;,&quot;title&quot;:&quot;&quot;}\" data-image-title=\"BILD_1\" data-image-description=\"\" data-medium-file=\"http:\/\/www.projekt-aquaponica.at\/wp-content\/uploads\/2013\/07\/BILD_1-300x140.jpg\" data-large-file=\"http:\/\/www.projekt-aquaponica.at\/wp-content\/uploads\/2013\/07\/BILD_1-1024x478.jpg\" loading=\"lazy\" class=\"alignnone size-medium wp-image-1558\" src=\"http:\/\/webserver\/wordpress_aquaponica\/wp-content\/uploads\/2013\/07\/BILD_1-300x140.jpg\" alt=\"BILD_1\" width=\"300\" height=\"140\" srcset=\"http:\/\/www.projekt-aquaponica.at\/wp-content\/uploads\/2013\/07\/BILD_1-300x140.jpg 300w, http:\/\/www.projekt-aquaponica.at\/wp-content\/uploads\/2013\/07\/BILD_1-150x70.jpg 150w, http:\/\/www.projekt-aquaponica.at\/wp-content\/uploads\/2013\/07\/BILD_1-1024x478.jpg 1024w, http:\/\/www.projekt-aquaponica.at\/wp-content\/uploads\/2013\/07\/BILD_1-900x420.jpg 900w\" sizes=\"(max-width: 300px) 100vw, 300px\" \/><\/a><\/p>\n<p>F: Name?<\/p>\n<p>A: Renata Ankerl-\u017baczek<\/p>\n<p>F: Alter?<\/p>\n<p>A: 41 Jahre<\/p>\n<p>F: Familie?<\/p>\n<p>A: Ja, Mann und zwei Kinder&#8230; und 3 Katzen, eine afrikanische Achatriesenschnecke, 200 Babytilapien, 6 Schubunkin Goldfische, 4 afrikanische Welse&#8230; und ein Karpfen namens Babsi im Teich. Er ist nicht mal ein Jahr alt. Hat eine lange Reise aus dem Waldviertel hinter sich.<\/p>\n<p>F: Beruf?<\/p>\n<p>A: Zur Zeit Studentin an der BOKU in Wien. Ein Individualstudium Aquakultur. Bin im dritten Semester.<\/p>\n<p>F: Hobbys?<\/p>\n<p>A: Manchmal zu viele&#8230; Aktuell h\u00e4kle ich und stricke gerne. Vor einigen Jahren habe ich viel mit Tiffanyglas gemacht. Da waren Lampen, Lichtobjekte, Kerzenhalter, Windlichter und sonstiges in &#8222;Produktion&#8220;. Fotografieren macht mir auch sehr gro\u00dfe Freude und l\u00e4sst mich neue Gedanken finden.<\/p>\n<p>F: Warum dieser Blog?<\/p>\n<p>A: Zuerst mal will ich meine Erfahrungen niederschreiben. Der Blog soll eine Hilfestellung bilden. So werden die wichtigen Ereignisse festgehalten, mit Datum und meistens auch Bildern. Ich freue mich \u00fcber jeden Besucher meiner Seiten. Vielleicht \u00fcberwindet sich Jemand und es kommt mit der Zeit auch ein Dialog zustande. Das w\u00fcrde die Weiterentwicklung bedeuten.<\/p>\n<p>am 2. Nov 2013<\/p>\n","protected":false},"excerpt":{"rendered":"<p>F: Name? A: Renata Ankerl-\u017baczek F: Alter? A: 41 Jahre F: Familie? A: Ja, Mann und zwei Kinder&#8230; und 3 Katzen, eine afrikanische Achatriesenschnecke, 200 Babytilapien, 6 Schubunkin Goldfische, 4 afrikanische Welse&#8230; und ein Karpfen namens Babsi im Teich. Er ist nicht mal ein Jahr alt. Hat eine lange Reise aus dem Waldviertel hinter sich. [&hellip;]<\/p>\n","protected":false},"author":2,"featured_media":0,"parent":0,"menu_order":1,"comment_status":"open","ping_status":"open","template":"","meta":{"spay_email":""},"jetpack_sharing_enabled":true,"jetpack_shortlink":"https:\/\/wp.me\/P4cuX7-s","_links":{"self":[{"href":"http:\/\/www.projekt-aquaponica.at\/index.php?rest_route=\/wp\/v2\/pages\/28"}],"collection":[{"href":"http:\/\/www.projekt-aquaponica.at\/index.php?rest_route=\/wp\/v2\/pages"}],"about":[{"href":"http:\/\/www.projekt-aquaponica.at\/index.php?rest_route=\/wp\/v2\/types\/page"}],"author":[{"embeddable":true,"href":"http:\/\/www.projekt-aquaponica.at\/index.php?rest_route=\/wp\/v2\/users\/2"}],"replies":[{"embeddable":true,"href":"http:\/\/www.projekt-aquaponica.at\/index.php?rest_route=%2Fwp%2Fv2%2Fcomments&post=28"}],"version-history":[{"count":5,"href":"http:\/\/www.projekt-aquaponica.at\/index.php?rest_route=\/wp\/v2\/pages\/28\/revisions"}],"predecessor-version":[{"id":1960,"href":"http:\/\/www.projekt-aquaponica.at\/index.php?rest_route=\/wp\/v2\/pages\/28\/revisions\/1960"}],"wp:attachment":[{"href":"http:\/\/www.projekt-aquaponica.at\/index.php?rest_route=%2Fwp%2Fv2%2Fmedia&parent=28"}],"curies":[{"name":"wp","href":"https:\/\/api.w.org\/{rel}","templated":true}]}}