{"id":2159,"date":"2015-03-13T19:19:09","date_gmt":"2015-03-13T18:19:09","guid":{"rendered":"http:\/\/webserver\/wordpress_aquaponica\/?page_id=2159"},"modified":"2015-03-13T19:57:14","modified_gmt":"2015-03-13T18:57:14","slug":"pflanzenproduktion","status":"publish","type":"page","link":"http:\/\/www.projekt-aquaponica.at\/?page_id=2159","title":{"rendered":"Pflanzenproduktion"},"content":{"rendered":"<p>VO Gem\u00fcse- und Zierpflanzenbau<\/p>\n<blockquote><p>Einf\u00fchrung in die Produktion von Gem\u00fcsen und Zierpflanzen. Darstellen wichtiger Produktionsmittel und pflanzenphysiologischen Grundlagen. Einf\u00fchrung in wichtige Kulturtechniken in den Produktionssparten. Einf\u00fchrung in die nationalen und internationalen Strukturen des Gartenbaus (Gem\u00fcse und Zierpflanzen). Einf\u00fchrung in die Produktionsmittel und Grundlagen der Produktionstechnologie. Kennzeichnung und Darstellung von Hobby- und Erwerbsanbau (Extensiv- und Intensivproduktion). Verwendung und Verwertung der Produkte. (https:\/\/online.boku.ac.at\/BOKUonline\/lv.detail?clvnr=270970&amp;sprache=1, am 13.03.2015)<\/p><\/blockquote>\n<p>UE Gartenbauliche Produktion &#8211; \u00dcbungen<\/p>\n<blockquote><p>Grundlegende berufspraktische spezifische Kenntnisse und Fertigkeiten des gartenbaulichen Anbaues (Vermehrung, Pikieren, Auspflanzen, Beetpflege, Gem\u00fcsebaus), des Saatgutwesens, der Keim-, Jung- und erntereifen Pflanzen. Verwendungsm\u00f6glichkeiten; Qualit\u00e4t und Qualit\u00e4tsklassifizierung (Gem\u00fcse, Kr\u00e4uter, Zierpflanzen).<br \/>\nWeiters: Arbeitssicherheit, ArbeitnehmerInnenschutz, Pflanzenschutz, Beetanlage und Bodenbearbeitung, Grundlagen der Arbeitstechniken Maschinen und Ger\u00e4teeinsatz. (https:\/\/online.boku.ac.at\/BOKUonline\/lv.detail?clvnr=270966&amp;sprache=1, am 13.03.2015)<\/p><\/blockquote>\n<p><span class=\"bold\">EX Gem\u00fcse- und Zierpflanzenproduktion<\/span><\/p>\n<blockquote><p>Einrichtungen des Erwerbsgartenbaues besuchen, Produktionsstrategien und -technologien kennenlernen und analysieren. (https:\/\/online.boku.ac.at\/BOKUonline\/lv.detail?clvnr=270970&amp;sprache=1, am\u00a0 13.03.2015)<\/p><\/blockquote>\n<p>Meine Meinung:<\/p>\n<p>Die VO\u00a0gibt gute Einblicke in die Praxis, Gew\u00e4chshausbau, Pflanzenbau. Hier ist der Gartenbau im Mittelpunkt.<\/p>\n<p>Die \u00dcbung bringt noch mehr Praxis. Praktischer Anbau von Gem\u00fcse, Zierpflanzen oder Kr\u00e4uter. Arbeiten werden zun\u00e4chst im Glashaus entrichtet, dann auch drau\u00dfen. Wir wurden in Gruppen je 3 Personen eingeteilt.<\/p>\n<p>&nbsp;<\/p>\n<p>&nbsp;<\/p>\n<p>&nbsp;<\/p>\n<p>&nbsp;<\/p>\n<p>&nbsp;<\/p>\n<p>&nbsp;<\/p>\n","protected":false},"excerpt":{"rendered":"<p>VO Gem\u00fcse- und Zierpflanzenbau Einf\u00fchrung in die Produktion von Gem\u00fcsen und Zierpflanzen. Darstellen wichtiger Produktionsmittel und pflanzenphysiologischen Grundlagen. Einf\u00fchrung in wichtige Kulturtechniken in den Produktionssparten. Einf\u00fchrung in die nationalen und internationalen Strukturen des Gartenbaus (Gem\u00fcse und Zierpflanzen). Einf\u00fchrung in die Produktionsmittel und Grundlagen der Produktionstechnologie. Kennzeichnung und Darstellung von Hobby- und Erwerbsanbau (Extensiv- und Intensivproduktion). [&hellip;]<\/p>\n","protected":false},"author":2,"featured_media":0,"parent":1752,"menu_order":0,"comment_status":"open","ping_status":"open","template":"","meta":{"spay_email":""},"jetpack_sharing_enabled":true,"jetpack_shortlink":"https:\/\/wp.me\/P4cuX7-yP","_links":{"self":[{"href":"http:\/\/www.projekt-aquaponica.at\/index.php?rest_route=\/wp\/v2\/pages\/2159"}],"collection":[{"href":"http:\/\/www.projekt-aquaponica.at\/index.php?rest_route=\/wp\/v2\/pages"}],"about":[{"href":"http:\/\/www.projekt-aquaponica.at\/index.php?rest_route=\/wp\/v2\/types\/page"}],"author":[{"embeddable":true,"href":"http:\/\/www.projekt-aquaponica.at\/index.php?rest_route=\/wp\/v2\/users\/2"}],"replies":[{"embeddable":true,"href":"http:\/\/www.projekt-aquaponica.at\/index.php?rest_route=%2Fwp%2Fv2%2Fcomments&post=2159"}],"version-history":[{"count":1,"href":"http:\/\/www.projekt-aquaponica.at\/index.php?rest_route=\/wp\/v2\/pages\/2159\/revisions"}],"predecessor-version":[{"id":2160,"href":"http:\/\/www.projekt-aquaponica.at\/index.php?rest_route=\/wp\/v2\/pages\/2159\/revisions\/2160"}],"up":[{"embeddable":true,"href":"http:\/\/www.projekt-aquaponica.at\/index.php?rest_route=\/wp\/v2\/pages\/1752"}],"wp:attachment":[{"href":"http:\/\/www.projekt-aquaponica.at\/index.php?rest_route=%2Fwp%2Fv2%2Fmedia&parent=2159"}],"curies":[{"name":"wp","href":"https:\/\/api.w.org\/{rel}","templated":true}]}}