{"id":1781,"date":"2014-05-12T09:00:07","date_gmt":"2014-05-12T08:00:07","guid":{"rendered":"http:\/\/webserver\/wordpress_aquaponica\/?page_id=1781"},"modified":"2015-05-11T18:05:37","modified_gmt":"2015-05-11T16:05:37","slug":"cad","status":"publish","type":"page","link":"http:\/\/www.projekt-aquaponica.at\/?page_id=1781","title":{"rendered":"CAD"},"content":{"rendered":"<p>Nun wird es etwas technisch, was ich auch sehr gerne mag. Hier drei Lehrveranstaltungen die sich mit Erstellung technischer Zeichnungen am PC besch\u00e4ftigen.<\/p>\n<p>F\u00fcr CAD habe ich folgende LVs ausgesucht:<\/p>\n<p><span class=\"bold\">VU CAD Kurs<\/span><\/p>\n<blockquote><p>Dieser Kurs richtet sich an CAD Neulinge aller Studienrichtungen.(https:\/\/online.boku.ac.at\/BOKUonline\/lv.detail?clvnr=268374)<\/p><\/blockquote>\n<p><a href=\"http:\/\/webserver\/wordpress_aquaponica\/wp-content\/uploads\/2014\/05\/IMG_383.jpeg\"><img data-attachment-id=\"1782\" data-permalink=\"http:\/\/www.projekt-aquaponica.at\/?attachment_id=1782\" data-orig-file=\"http:\/\/www.projekt-aquaponica.at\/wp-content\/uploads\/2014\/05\/IMG_383.jpeg\" data-orig-size=\"800,600\" data-comments-opened=\"1\" data-image-meta=\"{&quot;aperture&quot;:&quot;0&quot;,&quot;credit&quot;:&quot;&quot;,&quot;camera&quot;:&quot;&quot;,&quot;caption&quot;:&quot;&quot;,&quot;created_timestamp&quot;:&quot;0&quot;,&quot;copyright&quot;:&quot;&quot;,&quot;focal_length&quot;:&quot;0&quot;,&quot;iso&quot;:&quot;0&quot;,&quot;shutter_speed&quot;:&quot;0&quot;,&quot;title&quot;:&quot;&quot;}\" data-image-title=\"CAD\" data-image-description=\"\" data-medium-file=\"http:\/\/www.projekt-aquaponica.at\/wp-content\/uploads\/2014\/05\/IMG_383-300x225.jpeg\" data-large-file=\"http:\/\/www.projekt-aquaponica.at\/wp-content\/uploads\/2014\/05\/IMG_383.jpeg\" loading=\"lazy\" class=\"alignnone size-medium wp-image-1782\" src=\"http:\/\/webserver\/wordpress_aquaponica\/wp-content\/uploads\/2014\/05\/IMG_383-300x225.jpeg\" alt=\"CAD\" width=\"300\" height=\"225\" srcset=\"http:\/\/www.projekt-aquaponica.at\/wp-content\/uploads\/2014\/05\/IMG_383-300x225.jpeg 300w, http:\/\/www.projekt-aquaponica.at\/wp-content\/uploads\/2014\/05\/IMG_383-150x112.jpeg 150w, http:\/\/www.projekt-aquaponica.at\/wp-content\/uploads\/2014\/05\/IMG_383-200x150.jpeg 200w, http:\/\/www.projekt-aquaponica.at\/wp-content\/uploads\/2014\/05\/IMG_383.jpeg 800w\" sizes=\"(max-width: 300px) 100vw, 300px\" \/><\/a><\/p>\n<p><span class=\"bold\">VU Einf\u00fchrung in CAD<\/span><\/p>\n<blockquote><p>Praxisnahe Einf\u00fchrung in AutoCAD f\u00fcr das Aufgabengebiet der Landschaftsarchitektur. (https:\/\/online.boku.ac.at\/BOKUonline\/lv.detail?clvnr=267439)<\/p><\/blockquote>\n<p><span class=\"bold\">VU Technisches Planzeichnen mit CAD<\/span><\/p>\n<blockquote><p>Grundlagen<br \/>\n1.) Plandarstellung<br \/>\n2.) relevante Normen<br \/>\n3.) Genauigkeitserfordernisse<br \/>\nAnwendung<br \/>\n1.) Einreichpl\u00e4ne<br \/>\n2.) Ausf\u00fchrungspl\u00e4ne<br \/>\n3.) Bewehrungspl\u00e4ne<br \/>\nIn dieser Lehrveranstaltung werden den Studierenden die Grundlagen einer normgerechten Plandarstellung vermittelt. Im Vorlesungsteil erfolgt die Vermittlung der normativen Grundlagen und einzuhaltender Regelwerke. Es werden die unterschiedlichen Erforderlichkeiten der Genauigkeit der Plandarstellung erl\u00e4utert. Im Rahmen der \u00dcbungen erarbeiten die Studierenden Beispiele aus dem Berufsfeld des Kulturtechnikers und lernen so die praktische Anwendung des theoretischen Lehrstoffes. Ziel der Lehrveranstaltung ist es, den Studierenden das notwendige K\u00f6nnen zu vermitteln, technische und normativ richtige Pl\u00e4ne anzufertigen.(https:\/\/online.boku.ac.at\/BOKUonline\/lv.detail?clvnr=266944)<\/p><\/blockquote>\n<p><a href=\"http:\/\/webserver\/wordpress_aquaponica\/wp-content\/uploads\/2014\/05\/IMG_384.jpg\"><img data-attachment-id=\"1802\" data-permalink=\"http:\/\/www.projekt-aquaponica.at\/?attachment_id=1802\" data-orig-file=\"http:\/\/www.projekt-aquaponica.at\/wp-content\/uploads\/2014\/05\/IMG_384.jpg\" data-orig-size=\"1258,629\" data-comments-opened=\"1\" data-image-meta=\"{&quot;aperture&quot;:&quot;0&quot;,&quot;credit&quot;:&quot;Renata Ankerl-Zaczek&quot;,&quot;camera&quot;:&quot;&quot;,&quot;caption&quot;:&quot;&quot;,&quot;created_timestamp&quot;:&quot;1400013734&quot;,&quot;copyright&quot;:&quot;&quot;,&quot;focal_length&quot;:&quot;0&quot;,&quot;iso&quot;:&quot;0&quot;,&quot;shutter_speed&quot;:&quot;0&quot;,&quot;title&quot;:&quot;&quot;}\" data-image-title=\"CAD\" data-image-description=\"\" data-medium-file=\"http:\/\/www.projekt-aquaponica.at\/wp-content\/uploads\/2014\/05\/IMG_384-300x150.jpg\" data-large-file=\"http:\/\/www.projekt-aquaponica.at\/wp-content\/uploads\/2014\/05\/IMG_384-1024x512.jpg\" loading=\"lazy\" class=\"alignnone size-medium wp-image-1802\" src=\"http:\/\/webserver\/wordpress_aquaponica\/wp-content\/uploads\/2014\/05\/IMG_384-300x150.jpg\" alt=\"CAD\" width=\"300\" height=\"150\" srcset=\"http:\/\/www.projekt-aquaponica.at\/wp-content\/uploads\/2014\/05\/IMG_384-300x150.jpg 300w, http:\/\/www.projekt-aquaponica.at\/wp-content\/uploads\/2014\/05\/IMG_384-150x75.jpg 150w, http:\/\/www.projekt-aquaponica.at\/wp-content\/uploads\/2014\/05\/IMG_384-1024x512.jpg 1024w, http:\/\/www.projekt-aquaponica.at\/wp-content\/uploads\/2014\/05\/IMG_384-900x450.jpg 900w, http:\/\/www.projekt-aquaponica.at\/wp-content\/uploads\/2014\/05\/IMG_384.jpg 1258w\" sizes=\"(max-width: 300px) 100vw, 300px\" \/><\/a><\/p>\n<p>Meine Meinung:<\/p>\n<p>Bin froh, dass ich alle drei Vorlesungen mit \u00dcbungen gemacht habe. Meine Pl\u00e4ne f\u00fcr Systeme zeichne ich zwar zuerst mit der Hand, als Skizze. Dann aber kommt CAD drann und die Zeichnungen sind sauber und leicht zu ver\u00e4ndern.<\/p>\n","protected":false},"excerpt":{"rendered":"<p>Nun wird es etwas technisch, was ich auch sehr gerne mag. Hier drei Lehrveranstaltungen die sich mit Erstellung technischer Zeichnungen am PC besch\u00e4ftigen. F\u00fcr CAD habe ich folgende LVs ausgesucht: VU CAD Kurs Dieser Kurs richtet sich an CAD Neulinge aller Studienrichtungen.(https:\/\/online.boku.ac.at\/BOKUonline\/lv.detail?clvnr=268374) VU Einf\u00fchrung in CAD Praxisnahe Einf\u00fchrung in AutoCAD f\u00fcr das Aufgabengebiet der Landschaftsarchitektur. [&hellip;]<\/p>\n","protected":false},"author":2,"featured_media":0,"parent":1752,"menu_order":0,"comment_status":"open","ping_status":"closed","template":"","meta":{"spay_email":""},"jetpack_sharing_enabled":true,"jetpack_shortlink":"https:\/\/wp.me\/P4cuX7-sJ","_links":{"self":[{"href":"http:\/\/www.projekt-aquaponica.at\/index.php?rest_route=\/wp\/v2\/pages\/1781"}],"collection":[{"href":"http:\/\/www.projekt-aquaponica.at\/index.php?rest_route=\/wp\/v2\/pages"}],"about":[{"href":"http:\/\/www.projekt-aquaponica.at\/index.php?rest_route=\/wp\/v2\/types\/page"}],"author":[{"embeddable":true,"href":"http:\/\/www.projekt-aquaponica.at\/index.php?rest_route=\/wp\/v2\/users\/2"}],"replies":[{"embeddable":true,"href":"http:\/\/www.projekt-aquaponica.at\/index.php?rest_route=%2Fwp%2Fv2%2Fcomments&post=1781"}],"version-history":[{"count":4,"href":"http:\/\/www.projekt-aquaponica.at\/index.php?rest_route=\/wp\/v2\/pages\/1781\/revisions"}],"predecessor-version":[{"id":2212,"href":"http:\/\/www.projekt-aquaponica.at\/index.php?rest_route=\/wp\/v2\/pages\/1781\/revisions\/2212"}],"up":[{"embeddable":true,"href":"http:\/\/www.projekt-aquaponica.at\/index.php?rest_route=\/wp\/v2\/pages\/1752"}],"wp:attachment":[{"href":"http:\/\/www.projekt-aquaponica.at\/index.php?rest_route=%2Fwp%2Fv2%2Fmedia&parent=1781"}],"curies":[{"name":"wp","href":"https:\/\/api.w.org\/{rel}","templated":true}]}}