{"id":1776,"date":"2014-05-11T16:47:25","date_gmt":"2014-05-11T15:47:25","guid":{"rendered":"http:\/\/webserver\/wordpress_aquaponica\/?page_id=1776"},"modified":"2014-05-11T16:49:05","modified_gmt":"2014-05-11T15:49:05","slug":"botanik","status":"publish","type":"page","link":"http:\/\/www.projekt-aquaponica.at\/?page_id=1776","title":{"rendered":"Botanik"},"content":{"rendered":"<p>Zur Botanik gibt es auch eine VO und eine UE.<\/p>\n<p>Zuerst die Beschreibung der VO <span class=\"bold\">Allgemeine Botanik<\/span><\/p>\n<blockquote><p>Einleitung: Definition der Begriffe Botanik und Allgemeine Botanik, Teildisziplinen der Allgemeinen Botanik, Systematische Hierarchie im Bereich der Samenpflanzen.<br \/>\nCytologie: strukturelle Dimensionen in pflanzlichen Zellen, enzymatische Regulierung, Kompartimentierung, Aktiver Transport und Permeation, Bau und physiologische Leistungen der Kompartimente des Protoplasmas (Grundplasma, Endoplasmatisches Retikulum, Zellkern, Plastiden, Mitochondrien, Vakuolen, Zellwand), \u00f6kologische Aspekte der Speicherung von sekund\u00e4ren Pflanzenstoffen.<br \/>\nHistologie: Struktur und Funktion der Bildungsgewebe und Dauergewebe, hormonelle Regulation der Differenzierung.<br \/>\nOrganographie: Bau und Keimung der Samen, Bau des Stammes im prim\u00e4ren und im sekund\u00e4ren Zustand , Aufbau von Spross-Systemen, Bau des Blattes, prim\u00e4rer und sekund\u00e4rer Bau der Wurzel, Wurzelsysteme.<br \/>\nMetamorphosen: extreme Abweichungen im Bau als Anpassungen an Wasserhaushalt, Extremtemperaturen, Strahlung und Ern\u00e4hrungsbedingungen.<br \/>\n\u00d6kophysiologie der Pflanzen: Wasserhaushalt, Wassermangel und Wasser\u00fcberschuss, Mineralstoffhaushalt, Stoffproduktion, extreme Temperaturen. (https:\/\/online.boku.ac.at\/BOKUonline\/lv.detail?clvnr=263250)<\/p><\/blockquote>\n<p><span class=\"bold\">und die Beschreibung der UE Bau der Pflanze<\/span><\/p>\n<blockquote><p>Handhabung des Lichtmikroskops. Herstellung von mikroskopischen Frischpr\u00e4paraten. Selbstst\u00e4ndiges Beobachten von Frischmaterial und Dauerpr\u00e4paraten. Bau der pflanzlichen Zelle. Bau der Gewebe: Bildungsgewebe, Dauergewebe (Haut-, Grund- und Stranggewebe). Bau der Organe (Blatt, prim\u00e4rer und sekund\u00e4rer Stamm, prim\u00e4re und sekund\u00e4re Wurzel). Metamorphosen der einzelnen Organe.(https:\/\/online.boku.ac.at\/BOKUonline\/lv.detail?clvnr=257721)<\/p><\/blockquote>\n<p>Meine Meinung:<\/p>\n<p>Beide zusammen sind die Grundlage f\u00fcr weitere F\u00e4cher die sich mit Pflanzen Besch\u00e4ftigen. Beide waren sehr interessant und es gab sehr viele &#8222;AHA-Effekte&#8220;.<\/p>\n","protected":false},"excerpt":{"rendered":"<p>Zur Botanik gibt es auch eine VO und eine UE. Zuerst die Beschreibung der VO Allgemeine Botanik Einleitung: Definition der Begriffe Botanik und Allgemeine Botanik, Teildisziplinen der Allgemeinen Botanik, Systematische Hierarchie im Bereich der Samenpflanzen. Cytologie: strukturelle Dimensionen in pflanzlichen Zellen, enzymatische Regulierung, Kompartimentierung, Aktiver Transport und Permeation, Bau und physiologische Leistungen der Kompartimente des [&hellip;]<\/p>\n","protected":false},"author":2,"featured_media":0,"parent":1752,"menu_order":0,"comment_status":"open","ping_status":"closed","template":"","meta":{"spay_email":""},"jetpack_sharing_enabled":true,"jetpack_shortlink":"https:\/\/wp.me\/P4cuX7-sE","_links":{"self":[{"href":"http:\/\/www.projekt-aquaponica.at\/index.php?rest_route=\/wp\/v2\/pages\/1776"}],"collection":[{"href":"http:\/\/www.projekt-aquaponica.at\/index.php?rest_route=\/wp\/v2\/pages"}],"about":[{"href":"http:\/\/www.projekt-aquaponica.at\/index.php?rest_route=\/wp\/v2\/types\/page"}],"author":[{"embeddable":true,"href":"http:\/\/www.projekt-aquaponica.at\/index.php?rest_route=\/wp\/v2\/users\/2"}],"replies":[{"embeddable":true,"href":"http:\/\/www.projekt-aquaponica.at\/index.php?rest_route=%2Fwp%2Fv2%2Fcomments&post=1776"}],"version-history":[{"count":2,"href":"http:\/\/www.projekt-aquaponica.at\/index.php?rest_route=\/wp\/v2\/pages\/1776\/revisions"}],"predecessor-version":[{"id":1779,"href":"http:\/\/www.projekt-aquaponica.at\/index.php?rest_route=\/wp\/v2\/pages\/1776\/revisions\/1779"}],"up":[{"embeddable":true,"href":"http:\/\/www.projekt-aquaponica.at\/index.php?rest_route=\/wp\/v2\/pages\/1752"}],"wp:attachment":[{"href":"http:\/\/www.projekt-aquaponica.at\/index.php?rest_route=%2Fwp%2Fv2%2Fmedia&parent=1776"}],"curies":[{"name":"wp","href":"https:\/\/api.w.org\/{rel}","templated":true}]}}